{"id":909,"date":"2021-02-11T12:30:19","date_gmt":"2021-02-11T12:30:19","guid":{"rendered":"https:\/\/dev.recht-in-europa.com\/christoph-pawlowski\/"},"modified":"2021-04-26T16:43:44","modified_gmt":"2021-04-26T16:43:44","slug":"christoph-pawlowski","status":"publish","type":"page","link":"https:\/\/www.recht-in-europa.com\/fr\/christoph-pawlowski\/","title":{"rendered":"Votre avocat"},"content":{"rendered":"\n<div class=\"wp-block-columns is-layout-flex wp-container-core-columns-is-layout-9d6595d7 wp-block-columns-is-layout-flex\">\n<div class=\"wp-block-column is-vertically-aligned-top is-layout-flow wp-block-column-is-layout-flow\">\n<div class=\"wp-block-image is-style-default\"><figure class=\"aligncenter size-medium\"><img loading=\"lazy\" decoding=\"async\" width=\"300\" height=\"204\" src=\"https:\/\/www.recht-in-europa.com\/wp-content\/uploads\/2017\/09\/christoph-pawlowski-300x204.jpg\" alt=\"Christoph Pawlowski\" class=\"wp-image-467\" srcset=\"https:\/\/www.recht-in-europa.com\/wp-content\/uploads\/2017\/09\/christoph-pawlowski-300x204.jpg 300w, https:\/\/www.recht-in-europa.com\/wp-content\/uploads\/2017\/09\/christoph-pawlowski-1024x696.jpg 1024w, https:\/\/www.recht-in-europa.com\/wp-content\/uploads\/2017\/09\/christoph-pawlowski-768x522.jpg 768w, https:\/\/www.recht-in-europa.com\/wp-content\/uploads\/2017\/09\/christoph-pawlowski.jpg 1500w\" sizes=\"auto, (max-width: 300px) 100vw, 300px\" \/><\/figure><\/div>\n<\/div>\n\n\n\n<div class=\"wp-block-column is-layout-flow wp-block-column-is-layout-flow\"><p><\/p>\r\n<div class=\"team-meta\">\r\n<h2>Christoph Pawlowski<\/h2>\r\n<p><i class=\"fas fa-phone-alt\"><\/i> +49 (0)241 5591559<br><i class=\"far fa-envelope\"><\/i> info@recht-in-europa.com<\/p>\r\n<p><\/p>\r\n<\/div>\r\n\n\n\n<p><\/p>\n<\/div>\n<\/div>\n\n<hr class=\"wp-block-separator has-text-color has-background is-style-default\" style=\"background-color:#8c0202;color:#8c0202\"\/>\n\n<p><br\/><\/p>\n\n<div class=\"wp-block-columns is-layout-flex wp-container-core-columns-is-layout-9d6595d7 wp-block-columns-is-layout-flex\">\n<div class=\"wp-block-column is-layout-flow wp-block-column-is-layout-flow\">\n<h3 class=\"wp-block-heading\">Carri\u00e8re<\/h3>\n\n\n\n<ul class=\"wp-block-list\"><li>1994-1999 \u00c9tudes de droit (Bonn et Cologne),<br\/>Dipl\u00f4me universitaire : 1er examen national<br\/>Mati\u00e8re principale : droit commercial.<\/li><li>1999-2000 Etudes de droit (Metz, France)<br\/>Ma\u00eetrise en droit priv\u00e9,<br\/>Sp\u00e9cialit\u00e9 : droit des affaires.<\/li><li>2000-2002 Stagiaire juridique au tribunal sup\u00e9rieur de Cologne <br\/>Dipl\u00f4me universitaire : 2\u00e8me examen national,<br\/>Orientation principale : droit commercial.<\/li><li>2002\/2003 Admise au barreau allemand en tant qu&rsquo;avocate.<\/li><li>2007-2011 \u00e9galement juge associ\u00e9 de la Cour d&rsquo;arbitrage de l&rsquo;Association allemande de Roller Sports et Inline (DRIV)<\/li><li>2011-2016 Premier avocat europ\u00e9en sous le titre de domicile \u00e0 Maastricht (NL)<\/li><li>Formation continue annuelle selon les r\u00e8gles de FAO.<\/li><\/ul><\/div>\n\n\n\n<div class=\"wp-block-column is-layout-flow wp-block-column-is-layout-flow\">\n<h3 class=\"wp-block-heading\">Sp\u00e9cialisation<\/h3>\n\n\n\n<ul class=\"wp-block-list\"><li>Avocat sp\u00e9cialis\u00e9 en droit p\u00e9nal<\/li><li>R\u00e9ussi l&rsquo;examen d&rsquo;avocat sp\u00e9cialis\u00e9 en droit de l&rsquo;insolvabilit\u00e9<\/li><li>Formation continue et cours en Allemagne et aux Pays-Bas.<\/li><\/ul>\n\n\n<h3 class=\"wp-block-heading\">Langues \u00e9trang\u00e8res<\/h3>\n\n\n\n<p>Chacun parle couramment \u00e0 l&rsquo;\u00e9crit et \u00e0 l&rsquo;oral!<\/p>\n\n\n\n<ul class=\"wp-block-list\"><li>l&rsquo;anglais<\/li><li>le fran\u00e7ais<\/li><li>le n\u00e9erlandais<\/li><\/ul><\/div>\n\n\n\n<div class=\"wp-block-column is-layout-flow wp-block-column-is-layout-flow\">\n<h3 class=\"wp-block-heading\">Domaines du droit<\/h3>\n\n\n\n<p><strong>Droit p\u00e9nal:<\/strong>\u00a0\u00e9fense p\u00e9nale, droit de la proc\u00e9dure p\u00e9nale, droit du syst\u00e8me p\u00e9nitentiaire, droit p\u00e9nal des mineurs, d\u00e9lits et amendes, infractions capitales, droit p\u00e9nal des stup\u00e9fiants, criminalit\u00e9 en bande, droit p\u00e9nal de l&rsquo;insolvabilit\u00e9, proc\u00e9dures d&rsquo;extradition, etc.<\/p>\n\n\n\n<p><strong>Droit de l&rsquo;insolvabilit\u00e9:<\/strong>\u00a0conseil aux cr\u00e9anciers et aux d\u00e9biteurs, proc\u00e9dures de r\u00e8glement des dettes, concepts d&rsquo;assainissement, d\u00e9p\u00f4t de bilan, insolvabilit\u00e9 ordinaire, insolvabilit\u00e9 des consommateurs, droit p\u00e9nal de l&rsquo;insolvabilit\u00e9.<\/p>\n<\/div>\n<\/div>\n\n<p><\/p>\n","protected":false},"excerpt":{"rendered":"<p>Christoph Pawlowski +49 (0)241 5591559 info@recht-in-europa.com Carri\u00e8re 1994-1999 \u00c9tudes de droit (Bonn et Cologne),Dipl\u00f4me universitaire : 1er examen nationalMati\u00e8re principale : droit commercial. 1999-2000 Etudes de droit (Metz, France)Ma\u00eetrise en droit priv\u00e9,Sp\u00e9cialit\u00e9 : droit des affaires. 2000-2002 Stagiaire juridique au tribunal sup\u00e9rieur de Cologne Dipl\u00f4me universitaire : 2\u00e8me examen national,Orientation principale : droit commercial. 2002\/2003 Admise au barreau allemand en&#8230;<\/p>\n","protected":false},"author":1,"featured_media":0,"parent":0,"menu_order":0,"comment_status":"closed","ping_status":"closed","template":"my-templates\/template-fullwidth.php","meta":{"footnotes":""},"class_list":["post-909","page","type-page","status-publish","hentry"],"_links":{"self":[{"href":"https:\/\/www.recht-in-europa.com\/fr\/wp-json\/wp\/v2\/pages\/909","targetHints":{"allow":["GET"]}}],"collection":[{"href":"https:\/\/www.recht-in-europa.com\/fr\/wp-json\/wp\/v2\/pages"}],"about":[{"href":"https:\/\/www.recht-in-europa.com\/fr\/wp-json\/wp\/v2\/types\/page"}],"author":[{"embeddable":true,"href":"https:\/\/www.recht-in-europa.com\/fr\/wp-json\/wp\/v2\/users\/1"}],"replies":[{"embeddable":true,"href":"https:\/\/www.recht-in-europa.com\/fr\/wp-json\/wp\/v2\/comments?post=909"}],"version-history":[{"count":2,"href":"https:\/\/www.recht-in-europa.com\/fr\/wp-json\/wp\/v2\/pages\/909\/revisions"}],"predecessor-version":[{"id":911,"href":"https:\/\/www.recht-in-europa.com\/fr\/wp-json\/wp\/v2\/pages\/909\/revisions\/911"}],"wp:attachment":[{"href":"https:\/\/www.recht-in-europa.com\/fr\/wp-json\/wp\/v2\/media?parent=909"}],"curies":[{"name":"wp","href":"https:\/\/api.w.org\/{rel}","templated":true}]}}