{"id":912,"date":"2021-02-05T12:11:09","date_gmt":"2021-02-05T12:11:09","guid":{"rendered":"https:\/\/dev.recht-in-europa.com\/impressum\/"},"modified":"2021-04-27T12:00:42","modified_gmt":"2021-04-27T12:00:42","slug":"mentions-legales","status":"publish","type":"page","link":"https:\/\/www.recht-in-europa.com\/fr\/mentions-legales\/","title":{"rendered":"Mentions l\u00e9gales"},"content":{"rendered":"\n<p><strong>Le responsable de ce site web est:<\/strong><\/p>\n\n\n\n<p>Ma\u00eetre Christoph Pawlowski<\/p>\n\n\n\n<p>Oligsbendengasse 22<br>52070 Aachen<\/p>\n\n\n\n<p>T\u00e9l\u00e9phone: +49 (0) 241 559 1 559<br>Mail: <a href=\"mailto:info@recht-in-europa.com\">info@recht-in-europa.com<\/a><\/p>\n\n\n\n<p><br> Ma\u00eetre Christoph Pawlowski est admis au tribunal r\u00e9gional d&rsquo;Aix-la-Chapelle et est autoris\u00e9 \u00e0 repr\u00e9senter ses clients devant tous les tribunaux locaux, r\u00e9gionaux et r\u00e9gionaux sup\u00e9rieurs en Allemagne.<\/p>\n\n\n\n<p>Ma\u00eetre Pawlowski est membre de l&rsquo;Association du&nbsp;<a target=\"_blank\" href=\"http:\/\/www.rak-koeln.de\/\" rel=\"noreferrer noopener\">Barreau de Cologne<\/a>.<\/p>\n\n\n\n<p><strong><br> R\u00e9glementations professionnelles:<\/strong><\/p>\n\n\n\n<p><strong>RVG<\/strong>&nbsp;(Loi sur les honoraires des avocats),<br><strong>BRAGO<\/strong>&nbsp;(Bar\u00e8me f\u00e9d\u00e9ral des honoraires des avocats),<br><strong>BRAO<\/strong>&nbsp;(loi f\u00e9d\u00e9rale sur les avocats),<br><strong>BORA<\/strong>&nbsp;(code de d\u00e9ontologie des avocats),<br><strong>FAO<\/strong>&nbsp;(Code des avocats sp\u00e9cialis\u00e9s),<br><strong>CCBE<\/strong>&nbsp;(Code de d\u00e9ontologie des avocats de la Communaut\u00e9 europ\u00e9enne),<\/p>\n\n\n\n<p>Ces r\u00e8glements peuvent \u00eatre consult\u00e9s sur le site&nbsp;<a href=\"http:\/\/www.anwaltverein.de\/praxis\/berufsrecht\" target=\"_blank\" rel=\"noreferrer noopener\">www.anwaltverein.de\/praxis\/berufsrecht<\/a>.<\/p>\n\n\n\n<h3 class=\"wp-block-heading\">Protection des donn\u00e9es:<\/h3>\n\n\n\n<p>Vos donn\u00e9es personnelles ne seront pas stock\u00e9es ou trait\u00e9es pendant votre visite exclusive de notre site web. Les donn\u00e9es ne seront stock\u00e9es et trait\u00e9es que si et dans la mesure o\u00f9 vous nous envoyez volontairement ces donn\u00e9es par e-mail. Ces donn\u00e9es seront trait\u00e9es et stock\u00e9es exclusivement dans le cadre du mandat sp\u00e9cifique et dans le cadre des exigences l\u00e9gales et ne seront \u00e9galement transmises \u00e0 des tiers que dans ce cadre. La suppression des donn\u00e9es personnelles stock\u00e9es a lieu si vous r\u00e9voquez votre consentement au stockage, si leur connaissance n&rsquo;est plus n\u00e9cessaire \u00e0 l&rsquo;accomplissement du but poursuivi avec le stockage ou si leur stockage est inadmissible pour d&rsquo;autres raisons l\u00e9gales. Enfin, nous attirons votre attention sur le fait qu&rsquo;une s\u00e9curit\u00e9 totale des donn\u00e9es ne peut \u00eatre garantie pour la transmission par e-mail. Pour les informations confidentielles, nous recommandons le service postal.<\/p>\n\n\n\n<h3 class=\"wp-block-heading\">Avis de responsabilit\u00e9:<\/h3>\n\n\n\n<p>Si ce site contient des liens vers d&rsquo;autres sites sur Internet, je signale que je n&rsquo;ai aucune influence sur la conception et le contenu des pages li\u00e9es \u00e0 l&rsquo;ext\u00e9rieur. Je n&rsquo;assume aucune garantie ni responsabilit\u00e9 pour les informations qui y sont fournies. Je me d\u00e9solidarise express\u00e9ment de tous les contenus des c\u00f4t\u00e9s ici li\u00e9s cependant externes.<\/p>\n\n\n\n<p>Si un contenu de ce site web viole les lois en vigueur, veuillez m&rsquo;en informer imm\u00e9diatement. Je supprimerai ou adapterai alors la page ou le contenu en question aussi rapidement que possible. Ces dispositions correspondent par analogie au \u00a7 5 alin\u00e9a 1 et 2 de la TDG (Teledienstegesetz).<\/p>\n","protected":false},"excerpt":{"rendered":"<p>Le responsable de ce site web est: Ma\u00eetre Christoph Pawlowski Oligsbendengasse 2252070 Aachen T\u00e9l\u00e9phone: +49 (0) 241 559 1 559Mail: info@recht-in-europa.com Ma\u00eetre Christoph Pawlowski est admis au tribunal r\u00e9gional d&rsquo;Aix-la-Chapelle et est autoris\u00e9 \u00e0 repr\u00e9senter ses clients devant tous les tribunaux locaux, r\u00e9gionaux et r\u00e9gionaux sup\u00e9rieurs en Allemagne. Ma\u00eetre Pawlowski est membre de l&rsquo;Association du&nbsp;Barreau de Cologne. R\u00e9glementations professionnelles: RVG&nbsp;(Loi&#8230;<\/p>\n","protected":false},"author":1,"featured_media":0,"parent":0,"menu_order":0,"comment_status":"closed","ping_status":"open","template":"my-templates\/template-fullwidth.php","meta":{"footnotes":""},"class_list":["post-912","page","type-page","status-publish","hentry"],"_links":{"self":[{"href":"https:\/\/www.recht-in-europa.com\/fr\/wp-json\/wp\/v2\/pages\/912","targetHints":{"allow":["GET"]}}],"collection":[{"href":"https:\/\/www.recht-in-europa.com\/fr\/wp-json\/wp\/v2\/pages"}],"about":[{"href":"https:\/\/www.recht-in-europa.com\/fr\/wp-json\/wp\/v2\/types\/page"}],"author":[{"embeddable":true,"href":"https:\/\/www.recht-in-europa.com\/fr\/wp-json\/wp\/v2\/users\/1"}],"replies":[{"embeddable":true,"href":"https:\/\/www.recht-in-europa.com\/fr\/wp-json\/wp\/v2\/comments?post=912"}],"version-history":[{"count":3,"href":"https:\/\/www.recht-in-europa.com\/fr\/wp-json\/wp\/v2\/pages\/912\/revisions"}],"predecessor-version":[{"id":944,"href":"https:\/\/www.recht-in-europa.com\/fr\/wp-json\/wp\/v2\/pages\/912\/revisions\/944"}],"wp:attachment":[{"href":"https:\/\/www.recht-in-europa.com\/fr\/wp-json\/wp\/v2\/media?parent=912"}],"curies":[{"name":"wp","href":"https:\/\/api.w.org\/{rel}","templated":true}]}}