{"id":915,"date":"2021-02-12T11:25:24","date_gmt":"2021-02-12T11:25:24","guid":{"rendered":"https:\/\/dev.recht-in-europa.com\/insolvenzrecht\/"},"modified":"2021-04-27T11:59:33","modified_gmt":"2021-04-27T11:59:33","slug":"droit-de-linsolvabilite","status":"publish","type":"page","link":"https:\/\/www.recht-in-europa.com\/fr\/droit-de-linsolvabilite\/","title":{"rendered":"Droit de l&rsquo;insolvabilit\u00e9"},"content":{"rendered":"\n<h2 class=\"wp-block-heading\"><em>En tant qu&rsquo;avocat sp\u00e9cialis\u00e9 dans le droit de l&rsquo;insolvabilit\u00e9 et dot\u00e9 d&rsquo;une longue exp\u00e9rience professionnelle, je vous offre des conseils sur mesure sur toutes les questions relatives au droit de l&rsquo;insolvabilit\u00e9, que vous soyez un entrepreneur ou un consommateur.<\/em><\/h2>\n\n\n\n<div class=\"wp-block-image\"><figure class=\"alignleft\"><img loading=\"lazy\" decoding=\"async\" width=\"300\" height=\"250\" src=\"https:\/\/www.recht-in-europa.com\/wp-content\/uploads\/2017\/09\/corporate-fraud-300x250.jpg\" alt=\"Cabinet d'avocats Pawlowski\" class=\"wp-image-97\" srcset=\"https:\/\/www.recht-in-europa.com\/wp-content\/uploads\/2017\/09\/corporate-fraud-300x250.jpg 300w, https:\/\/www.recht-in-europa.com\/wp-content\/uploads\/2017\/09\/corporate-fraud.jpg 600w\" sizes=\"auto, (max-width: 300px) 100vw, 300px\" \/><\/figure><\/div>\n\n\n\n<p>Pour les consommateurs ou les particuliers, nous offrons des conseils individuels aux d\u00e9biteurs, la mise en \u0153uvre de tentatives de r\u00e8glement des dettes, ainsi que le d\u00e9p\u00f4t de demandes dans les proc\u00e9dures d&rsquo;insolvabilit\u00e9 des consommateurs. Ce faisant, nous mettons l&rsquo;accent sur le conseil individuel dans un environnement confidentiel, en tenant compte de votre situation globale, afin d&rsquo;exclure d\u00e8s le d\u00e9part les dangers criminels. D\u00e9j\u00e0 en termes de qualification professionnelle, le conseil aux d\u00e9biteurs avec un avocat se distingue bien s\u00fbr clairement du conseil avec un centre de conseil aux d\u00e9biteurs. D\u00e9cidez vous-m\u00eame de l&rsquo;importance que vous accordez \u00e0 la qualit\u00e9 du conseil juridique. Nous serons heureux de vous aider.<\/p>\n\n\n\n<p>Pour les entrepreneurs, la question se pose toujours de savoir si un assainissement et un maintien de l&rsquo;existence ne sont pas possibles, ou si une nouvelle h\u00e9sitation pourrait peut-\u00eatre m\u00eame \u00eatre sanctionn\u00e9e comme un retard d&rsquo;insolvabilit\u00e9. Nous \u00e9tablirons ensemble une vue d&rsquo;ensemble de votre situation et d\u00e9ciderons ensuite de la meilleure solution pour vous. Seuls des conseils et un soutien comp\u00e9tents vous permettront de commencer une nouvelle vie sans dettes. Aujourd&rsquo;hui, l&rsquo;insolvabilit\u00e9 n&rsquo;est plus une fin en soi ! Fa\u00e7onnez votre avenir d\u00e8s maintenant!<\/p>\n\n\n\n<h3 class=\"wp-block-heading\">Apurement des dettes r\u00e9siduelles<\/h3>\n\n\n\n<p>Il est temps pour vous d&rsquo;agir ! La proc\u00e9dure d&rsquo;insolvabilit\u00e9 ouvre la possibilit\u00e9 d&rsquo;un apurement des dettes r\u00e9siduelles apr\u00e8s une p\u00e9riode de 3 ans. M\u00eame les inscriptions n\u00e9gatives sur la \u00ab\u00a0Schufa\u00a0\u00bb peuvent \u00eatre effac\u00e9es apr\u00e8s la conclusion de la proc\u00e9dure. N&rsquo;h\u00e9sitez plus, remettez enfin de l&rsquo;ordre et de la perspective dans votre vie ! En tant qu&rsquo;avocat sp\u00e9cialis\u00e9 dans le droit de l&rsquo;insolvabilit\u00e9 et conseiller en mati\u00e8re de dettes, je me ferai un plaisir de vous aider.<\/p>\n\n\n\n<h3 class=\"wp-block-heading\">Droit de l&rsquo;insolvabilit\u00e9<\/h3>\n\n\n\n<p>Les travailleurs ind\u00e9pendants, mais aussi les consommateurs, doivent toutefois garder \u00e0 l&rsquo;esprit le danger de commettre une infraction en mati\u00e8re d&rsquo;insolvabilit\u00e9. Un comportement suppos\u00e9 inoffensif peut \u00eatre sanctionn\u00e9 dans le cadre d&rsquo;une insolvabilit\u00e9. Il s&rsquo;agit notamment de favoriser les cr\u00e9anciers, de violer les obligations comptables, de faire faillite, etc. Pour les g\u00e9rants d&rsquo;UG et de GmbH et les membres du conseil d&rsquo;administration d&rsquo;AG, il existe m\u00eame une obligation de d\u00e9poser une demande d&rsquo;ouverture de proc\u00e9dure d&rsquo;insolvabilit\u00e9 dans un d\u00e9lai de 3 semaines apr\u00e8s avoir eu connaissance de l&rsquo;insolvabilit\u00e9 ou du surendettement. Le non-respect de ce d\u00e9lai peut m\u00eame entra\u00eener une condamnation pour retardement de la proc\u00e9dure d&rsquo;insolvabilit\u00e9. Quiconque fait l&rsquo;objet d&rsquo;une telle condamnation p\u00e9nale risque de ne plus \u00eatre autoris\u00e9 \u00e0 agir en tant qu&rsquo;administrateur d\u00e9l\u00e9gu\u00e9 \u00e0 l&rsquo;avenir. Il ne faut donc pas perdre de temps. Toutefois, dans ce type de proc\u00e9dure en particulier, il est souvent possible de trouver des solutions pragmatiques gr\u00e2ce \u00e0 un avocat de la d\u00e9fense en dialogue avec le minist\u00e8re public, solutions qu&rsquo;ils n&rsquo;auraient gu\u00e8re pu faire valoir eux-m\u00eames. En tant qu&rsquo;avocat sp\u00e9cialis\u00e9 en droit de l&rsquo;insolvabilit\u00e9 et en tant qu&rsquo;avocat sp\u00e9cialis\u00e9 en droit p\u00e9nal, je peux ici vous fournir des conseils complets.<\/p>\n\n\n\n<div style=\"background: #750000; padding: 54px 20px 54px 20px; color: #ffffff; margin-top: 54px;\">\n<div class=\"row\">\n<div class=\"col-md-12\">\n\n<h3 style=\"text-align:center; color:#fff;\"><strong> Vous cherchez un conseil juridique comp\u00e9tent?<br>Prenez contact avec nous!<\/strong><\/h3>\n<div class=\"divider\"><\/div>\n<strong>Veuillez saisir vos coordonn\u00e9es et nous vous contacterons dans les plus brefs d\u00e9lais pour discuter de votre cas.<\/strong>\n\n<strong> Les champs marqu\u00e9s d&rsquo;un * sont obligatoires et doivent \u00eatre remplis! <\/strong>\n<div class=\"margin-t24\">\n<div class=\"wpcf7 no-js\" id=\"wpcf7-f931-o1\" lang=\"fr-FR\" dir=\"ltr\" data-wpcf7-id=\"931\">\n<div class=\"screen-reader-response\"><p role=\"status\" aria-live=\"polite\" aria-atomic=\"true\"><\/p> <ul><\/ul><\/div>\n<form action=\"\/fr\/wp-json\/wp\/v2\/pages\/915#wpcf7-f931-o1\" method=\"post\" class=\"wpcf7-form init\" aria-label=\"Formulaire de contact\" novalidate=\"novalidate\" data-status=\"init\">\n<fieldset class=\"hidden-fields-container\"><input type=\"hidden\" name=\"_wpcf7\" value=\"931\" \/><input type=\"hidden\" name=\"_wpcf7_version\" value=\"6.1.5\" \/><input type=\"hidden\" name=\"_wpcf7_locale\" value=\"fr_FR\" \/><input type=\"hidden\" name=\"_wpcf7_unit_tag\" value=\"wpcf7-f931-o1\" \/><input type=\"hidden\" name=\"_wpcf7_container_post\" value=\"0\" \/><input type=\"hidden\" name=\"_wpcf7_posted_data_hash\" value=\"\" \/>\n<\/fieldset>\n<div class=\"row\">\n\t<div class=\"col-sm-4\">\n\t\t<p><span class=\"wpcf7-form-control-wrap\" data-name=\"your-name\"><input size=\"40\" maxlength=\"400\" class=\"wpcf7-form-control wpcf7-text wpcf7-validates-as-required comm-field\" aria-required=\"true\" aria-invalid=\"false\" placeholder=\"Nom*\" value=\"\" type=\"text\" name=\"your-name\" \/><\/span>\n\t\t<\/p>\n\t<\/div>\n\t<div class=\"col-sm-4\">\n\t\t<p><span class=\"wpcf7-form-control-wrap\" data-name=\"your-email\"><input size=\"40\" maxlength=\"400\" class=\"wpcf7-form-control wpcf7-email wpcf7-validates-as-required wpcf7-text wpcf7-validates-as-email comm-field\" aria-required=\"true\" aria-invalid=\"false\" placeholder=\"Email*\" value=\"\" type=\"email\" name=\"your-email\" \/><\/span>\n\t\t<\/p>\n\t<\/div>\n\t<div class=\"col-sm-4\">\n\t\t<p><span class=\"wpcf7-form-control-wrap\" data-name=\"your-phone\"><input size=\"40\" maxlength=\"400\" class=\"wpcf7-form-control wpcf7-text wpcf7-validates-as-required comm-field\" aria-required=\"true\" aria-invalid=\"false\" placeholder=\"T\u00e9l\u00e9phone*\" value=\"\" type=\"text\" name=\"your-phone\" \/><\/span>\n\t\t<\/p>\n\t<\/div>\n\t<div class=\"col-sm-12\">\n\t\t<p><span class=\"wpcf7-form-control-wrap\" data-name=\"your-subject\"><input size=\"40\" maxlength=\"400\" class=\"wpcf7-form-control wpcf7-text wpcf7-validates-as-required comm-field\" aria-required=\"true\" aria-invalid=\"false\" placeholder=\"Sujet*\" value=\"\" type=\"text\" name=\"your-subject\" \/><\/span>\n\t\t<\/p>\n\t<\/div>\n<\/div>\n<p><span id=\"wpcf7-69fb438715308-wrapper\" class=\"wpcf7-form-control-wrap your-firstname2-wrap\" ><input type=\"hidden\" name=\"your-firstname2-time-start\" value=\"1778074503\"><input type=\"hidden\" name=\"your-firstname2-time-check\" value=\"10\"><input id=\"wpcf7-69fb438715308-field\"  class=\"wpcf7-form-control wpcf7-text\" type=\"text\" name=\"your-firstname2\" value=\"\" size=\"40\" tabindex=\"-1\" autocomplete=\"new-password\" \/><\/span>\n<\/p>\n<p><span class=\"wpcf7-form-control-wrap\" data-name=\"your-message\"><textarea cols=\"40\" rows=\"5\" maxlength=\"2000\" class=\"wpcf7-form-control wpcf7-textarea wpcf7-validates-as-required\" id=\"msg-contact\" aria-required=\"true\" aria-invalid=\"false\" placeholder=\"Message*\" name=\"your-message\"><\/textarea><\/span>\n<\/p>\n<p class=\"contact-btn\"><input class=\"wpcf7-form-control wpcf7-submit has-spinner white-btn\" id=\"submit-contact\" type=\"submit\" value=\"Envoyer\" \/>\n<\/p><div class=\"wpcf7-response-output\" aria-hidden=\"true\"><\/div>\n<\/form>\n<\/div>\n<\/div>\n\n\n<\/div>\n<\/div>\n<\/div>\n","protected":false},"excerpt":{"rendered":"<p>En tant qu&rsquo;avocat sp\u00e9cialis\u00e9 dans le droit de l&rsquo;insolvabilit\u00e9 et dot\u00e9 d&rsquo;une longue exp\u00e9rience professionnelle, je vous offre des conseils sur mesure sur toutes les questions relatives au droit de l&rsquo;insolvabilit\u00e9, que vous soyez un entrepreneur ou un consommateur. Pour les consommateurs ou les particuliers, nous offrons des conseils individuels aux d\u00e9biteurs, la mise en \u0153uvre de tentatives de r\u00e8glement&#8230;<\/p>\n","protected":false},"author":1,"featured_media":0,"parent":0,"menu_order":0,"comment_status":"closed","ping_status":"closed","template":"my-templates\/template-fullwidth.php","meta":{"footnotes":""},"class_list":["post-915","page","type-page","status-publish","hentry"],"_links":{"self":[{"href":"https:\/\/www.recht-in-europa.com\/fr\/wp-json\/wp\/v2\/pages\/915","targetHints":{"allow":["GET"]}}],"collection":[{"href":"https:\/\/www.recht-in-europa.com\/fr\/wp-json\/wp\/v2\/pages"}],"about":[{"href":"https:\/\/www.recht-in-europa.com\/fr\/wp-json\/wp\/v2\/types\/page"}],"author":[{"embeddable":true,"href":"https:\/\/www.recht-in-europa.com\/fr\/wp-json\/wp\/v2\/users\/1"}],"replies":[{"embeddable":true,"href":"https:\/\/www.recht-in-europa.com\/fr\/wp-json\/wp\/v2\/comments?post=915"}],"version-history":[{"count":3,"href":"https:\/\/www.recht-in-europa.com\/fr\/wp-json\/wp\/v2\/pages\/915\/revisions"}],"predecessor-version":[{"id":942,"href":"https:\/\/www.recht-in-europa.com\/fr\/wp-json\/wp\/v2\/pages\/915\/revisions\/942"}],"wp:attachment":[{"href":"https:\/\/www.recht-in-europa.com\/fr\/wp-json\/wp\/v2\/media?parent=915"}],"curies":[{"name":"wp","href":"https:\/\/api.w.org\/{rel}","templated":true}]}}