{"id":918,"date":"2021-02-12T09:22:36","date_gmt":"2021-02-12T09:22:36","guid":{"rendered":"https:\/\/dev.recht-in-europa.com\/strafrecht\/"},"modified":"2021-04-27T12:00:00","modified_gmt":"2021-04-27T12:00:00","slug":"droit-penal","status":"publish","type":"page","link":"https:\/\/www.recht-in-europa.com\/fr\/droit-penal\/","title":{"rendered":"Droit p\u00e9nal"},"content":{"rendered":"\n<h2 class=\"wp-block-heading\"><em>En tant qu&rsquo;avocat sp\u00e9cialis\u00e9 en droit p\u00e9nal \u00e0 Aix-la-Chapelle, je vous assiste dans toutes les \u00e9tapes de la proc\u00e9dure p\u00e9nale.<\/em><\/h2>\n\n\n\n<p><\/p>\n\n\n\n<div class=\"wp-block-columns is-layout-flex wp-container-core-columns-is-layout-9d6595d7 wp-block-columns-is-layout-flex\">\n<div class=\"wp-block-column is-layout-flow wp-block-column-is-layout-flow\" style=\"flex-basis:33.33%\">\n<figure class=\"wp-block-image size-large\"><img loading=\"lazy\" decoding=\"async\" width=\"600\" height=\"500\" src=\"https:\/\/www.recht-in-europa.com\/wp-content\/uploads\/2017\/10\/divorce.jpg\" alt=\"Cabinet de droit p\u00e9nal Pawlowski\" class=\"wp-image-461\" srcset=\"https:\/\/www.recht-in-europa.com\/wp-content\/uploads\/2017\/10\/divorce.jpg 600w, https:\/\/www.recht-in-europa.com\/wp-content\/uploads\/2017\/10\/divorce-300x250.jpg 300w\" sizes=\"auto, (max-width: 600px) 100vw, 600px\" \/><figcaption>Cabinet de droit p\u00e9nal Pawlowski<\/figcaption><\/figure>\n<\/div>\n\n\n\n<div class=\"wp-block-column is-layout-flow wp-block-column-is-layout-flow\" style=\"flex-basis:66.66%\">\n<p>Une d\u00e9fense p\u00e9nale comp\u00e9tente d\u00e8s l&rsquo;ouverture d&rsquo;une enqu\u00eate p\u00e9nale, en passant par l&rsquo;audience principale, jusqu&rsquo;\u00e0 l&rsquo;ex\u00e9cution de la sentence. Plus t\u00f4t on fait appel \u00e0 un avocat sp\u00e9cialis\u00e9 en droit p\u00e9nal, meilleures sont les chances de la d\u00e9fense.<\/p>\n\n\n\n<p>En tant qu&rsquo;avocat sp\u00e9cialis\u00e9 en droit p\u00e9nal et avocat de la d\u00e9fense p\u00e9nale, je m&rsquo;occupe entre autres du droit p\u00e9nal g\u00e9n\u00e9ral, des affaires criminelles de BTM (drogues), de la criminalit\u00e9 des gangs, du droit p\u00e9nal en col blanc, du droit p\u00e9nal de l&rsquo;insolvabilit\u00e9, du droit p\u00e9nal fiscal et du droit p\u00e9nal des mineurs, mais aussi des affaires d&rsquo;amende et du droit p\u00e9nitentiaire. Mon travail d&rsquo;avocat ne se limite pas \u00e0 Aix-la-Chapelle, mais je peux vous d\u00e9fendre dans tout le pays. Ces derni\u00e8res ann\u00e9es, j&rsquo;ai \u00e9t\u00e9 charg\u00e9 de proc\u00e9dures devant diff\u00e9rents tribunaux r\u00e9gionaux en Allemagne dans le domaine des cambriolages de distributeurs automatiques de billets et de la criminalit\u00e9 li\u00e9e aux drogues.<\/p>\n\n\n\n<p>Si vous avez connaissance d&rsquo;une proc\u00e9dure p\u00e9nale \u00e0 votre encontre, vous devez imm\u00e9diatement contacter un avocat et ne faire aucune d\u00e9claration \u00e0 ce sujet pour le moment. Un aveu h\u00e2tif peut nuire \u00e0 la r\u00e9ussite de votre d\u00e9fense p\u00e9nale.<\/p>\n<\/div>\n<\/div>\n\n\n\n<h3 class=\"wp-block-heading\">Il est imp\u00e9ratif que vous respectiez les principes suivants:<\/h3>\n\n\n\n<h4 class=\"wp-block-heading\">En cas d&rsquo;arrestation:<\/h4>\n\n\n\n<p>Appelez-moi comme votre avocat imm\u00e9diatement si possible. Si n\u00e9cessaire, demandez qu&rsquo;un t\u00e9l\u00e9phone soit mis \u00e0 votre disposition. Pour de telles urgences en droit p\u00e9nal, vous trouverez mon num\u00e9ro de t\u00e9l\u00e9phone sp\u00e9cial d&rsquo;urgence au bas de cette page!<\/p>\n\n\n\n<p>Ne faites pas de d\u00e9claration sans votre avocat et sans conna\u00eetre le dossier, m\u00eame si vous pensez \u00eatre dans votre bon droit ! Vous avez le droit de garder le silence. Une d\u00e9claration peut \u00eatre faite \u00e0 tout moment de la proc\u00e9dure p\u00e9nale, m\u00eame jusqu&rsquo;\u00e0 l&rsquo;audience principale. Ne laissez personne vous dire le contraire ! Le silence ne vous incrimine pas ! Un aveu h\u00e2tif peut vous priver de la base d&rsquo;une d\u00e9fense r\u00e9ussie en droit p\u00e9nal. Ne signez rien que vous n&rsquo;ayez lu et compris au pr\u00e9alable.<\/p>\n\n\n\n<p>Il est crucial d&rsquo;\u00e9viter la d\u00e9tention provisoire si possible. Sinon, vous perdrez votre emploi, votre maison et vos contacts sociaux, m\u00eame si cela peut \u00eatre \u00e9vit\u00e9. Luttez pour vos droits!<\/p>\n\n\n\n<h4 class=\"wp-block-heading\">Pendant les fouilles:<\/h4>\n\n\n\n<p>Ne laissez pas les agents entrer imm\u00e9diatement. Obtenez d&rsquo;abord le mandat de perquisition et v\u00e9rifiez si le lieu \u00e0 perquisitionner est m\u00eame indiqu\u00e9 sur le mandat. Si ce n&rsquo;est pas le cas, la perquisition ne peut pas avoir lieu ! V\u00e9rifiez si le mandat de perquisition ne date pas de plus de 6 mois et s&rsquo;il a \u00e9t\u00e9 sign\u00e9 par un juge. Si possible, appelez-moi imm\u00e9diatement en tant qu&rsquo;avocat sp\u00e9cialis\u00e9 en droit p\u00e9nal et en d\u00e9fense p\u00e9nale. Pour de telles urgences en droit p\u00e9nal, vous trouverez mon num\u00e9ro de t\u00e9l\u00e9phone sp\u00e9cial d&rsquo;urgence au bas de cette page!<\/p>\n\n\n\n<p>Ne donnez aucune information sur l&rsquo;affaire, m\u00eame si vous pensez \u00eatre dans votre bon droit, gardez le silence!<br>Assurez-vous d&rsquo;avoir pr\u00e9par\u00e9 un inventaire des saisies. Les objets doivent \u00eatre d\u00e9sign\u00e9s de la mani\u00e8re la plus pr\u00e9cise possible. V\u00e9rifiez tous les formulaires que l&rsquo;on vous demande de signer pour voir si des consentements volontaires y sont donn\u00e9s et rayez-les. Assurez-vous que l&rsquo;on vous remet le mandat, l&rsquo;inventaire des saisies et le proc\u00e8s-verbal.<\/p>\n\n\n\n<h4 class=\"wp-block-heading\">En cas d&rsquo;assignation \u00e0 compara\u00eetre ou d&rsquo;interrogatoire par la police, restez sur les lieux:<\/h4>\n\n\n\n<p>M\u00eame si vous n&rsquo;\u00eates \u00ab\u00a0que\u00a0\u00bb convoqu\u00e9 en tant que t\u00e9moin, vous devez tirer la sonnette d&rsquo;alarme. Tr\u00e8s souvent, un t\u00e9moin suppos\u00e9 devient l&rsquo;accus\u00e9 au cours de l&rsquo;interrogatoire!<br>Que vous soyez interrog\u00e9 en tant qu&rsquo;accus\u00e9 ou non. Venez me voir avec la convocation. J&rsquo;annulerai le rendez-vous pour vous si n\u00e9cessaire et demanderai l&rsquo;inspection du dossier. Ce n&rsquo;est qu&rsquo;apr\u00e8s avoir re\u00e7u et examin\u00e9 le dossier p\u00e9nal qu&rsquo;une strat\u00e9gie de d\u00e9fense peut \u00eatre \u00e9labor\u00e9e.<\/p>\n\n\n\n<p>L&rsquo;intervention d&rsquo;un avocat de la d\u00e9fense p\u00e9nale est votre droit et on ne peut pas vous le refuser, ni vous en dissuader en vous faisant comprendre que le recours \u00e0 l&rsquo;avocat est uniquement d\u00fb au fait que vous avez quelque chose \u00e0 cacher.<\/p>\n\n\n\n<h4 class=\"wp-block-heading\">Dans le cas des ordonnances de sanction:<\/h4>\n\n\n\n<p>Si vous recevez un ordre de sanction et que vous n&rsquo;\u00eates pas d&rsquo;accord : Contactez imm\u00e9diatement l&rsquo;avocat sp\u00e9cialis\u00e9 en droit p\u00e9nal, car vous n&rsquo;avez qu&rsquo;une p\u00e9riode de 2 semaines pour vous d\u00e9fendre contre cela ! Apr\u00e8s ce d\u00e9lai, l&rsquo;ordonnance p\u00e9nale devient juridiquement contraignante et peut difficilement \u00eatre retir\u00e9e. Un ordre de sanction juridiquement contraignant a le m\u00eame effet qu&rsquo;un jugement. Souvent, cependant, un appel peut encore conduire \u00e0 l&rsquo;abandon de la proc\u00e9dure et parfois m\u00eame \u00e0 un acquittement. Les amendes sont souvent impos\u00e9es sur la base d&rsquo;un revenu surestim\u00e9. Il est \u00e9galement possible d&rsquo;y rem\u00e9dier, mais seulement si un recours est introduit \u00e0 temps.<\/p>\n\n\n\n<h4 class=\"wp-block-heading\">En cas d&rsquo;extradition depuis l&rsquo;\u00e9tranger<\/h4>\n\n\n\n<p>Vous disposez d&rsquo;un mandat d&rsquo;arr\u00eat europ\u00e9en ou international ? Vous \u00eates \u00e0 l&rsquo;\u00e9tranger et devez \u00eatre livr\u00e9 en Allemagne ? Contactez-moi imm\u00e9diatement. Je demanderai imm\u00e9diatement l&rsquo;acc\u00e8s aux dossiers, que votre avocat \u00e9tranger ne peut pas obtenir. Si n\u00e9cessaire, je d\u00e9poserai un recours contre votre arrestation. Il n&rsquo;est pas rare qu&rsquo;il soit plus facile d&rsquo;\u00eatre \u00e9pargn\u00e9 de l&rsquo;ex\u00e9cution d&rsquo;une peine d&#8217;emprisonnement pour une p\u00e9riode plus longue \u00e0 l&rsquo;\u00e9tranger. C&rsquo;est l\u00e0 que je peux commencer et, si n\u00e9cessaire, obtenir \u00e9galement un sursis en Allemagne. Il est d&rsquo;une importance capitale d&rsquo;\u00e9viter si possible la d\u00e9tention provisoire. Sinon, vous perdrez votre emploi, votre maison et vos contacts sociaux, m\u00eame si cela peut \u00eatre \u00e9vit\u00e9 ! Je suis capable et pr\u00eat \u00e0 travailler en collaboration avec votre avocat \u00e9tranger.<\/p>\n\n\n\n<p><strong><span style=\"color:#750000\" class=\"has-inline-color\">Vous pouvez me joindre dans les cas d&rsquo;urgence en droit p\u00e9nal tels que la D\u00c9TENTION et l&rsquo;ENQU\u00caTE 24h sous : +49 (0)241 5591 561<\/span><\/strong><\/p>\n\n\n\n<div style=\"background: #750000; padding: 54px 20px 54px 20px; color: #ffffff; margin-top: 54px;\">\n<div class=\"row\">\n<div class=\"col-md-12\">\n\n<h3 style=\"text-align:center; color:#fff;\"><strong>Vous cherchez un conseil juridique comp\u00e9tent?<br>Contactez nous!<\/strong><\/h3>\n<div class=\"divider\"><\/div>\n<strong>Veuillez saisir vos coordonn\u00e9es et nous vous contacterons dans les plus brefs d\u00e9lais pour discuter de votre cas.<\/strong>\n\n<strong> Les champs marqu\u00e9s d&rsquo;un * sont obligatoires et doivent \u00eatre remplis!<\/strong>\n<div class=\"margin-t24\">\n<div class=\"wpcf7 no-js\" id=\"wpcf7-f931-o1\" lang=\"fr-FR\" dir=\"ltr\" data-wpcf7-id=\"931\">\n<div class=\"screen-reader-response\"><p role=\"status\" aria-live=\"polite\" aria-atomic=\"true\"><\/p> <ul><\/ul><\/div>\n<form action=\"\/fr\/wp-json\/wp\/v2\/pages\/918#wpcf7-f931-o1\" method=\"post\" class=\"wpcf7-form init\" aria-label=\"Formulaire de contact\" novalidate=\"novalidate\" data-status=\"init\">\n<fieldset class=\"hidden-fields-container\"><input type=\"hidden\" name=\"_wpcf7\" value=\"931\" \/><input type=\"hidden\" name=\"_wpcf7_version\" value=\"6.1.5\" \/><input type=\"hidden\" name=\"_wpcf7_locale\" value=\"fr_FR\" \/><input type=\"hidden\" name=\"_wpcf7_unit_tag\" value=\"wpcf7-f931-o1\" \/><input type=\"hidden\" name=\"_wpcf7_container_post\" value=\"0\" \/><input type=\"hidden\" name=\"_wpcf7_posted_data_hash\" value=\"\" \/>\n<\/fieldset>\n<div class=\"row\">\n\t<div class=\"col-sm-4\">\n\t\t<p><span class=\"wpcf7-form-control-wrap\" data-name=\"your-name\"><input size=\"40\" maxlength=\"400\" class=\"wpcf7-form-control wpcf7-text wpcf7-validates-as-required comm-field\" aria-required=\"true\" aria-invalid=\"false\" placeholder=\"Nom*\" value=\"\" type=\"text\" name=\"your-name\" \/><\/span>\n\t\t<\/p>\n\t<\/div>\n\t<div class=\"col-sm-4\">\n\t\t<p><span class=\"wpcf7-form-control-wrap\" data-name=\"your-email\"><input size=\"40\" maxlength=\"400\" class=\"wpcf7-form-control wpcf7-email wpcf7-validates-as-required wpcf7-text wpcf7-validates-as-email comm-field\" aria-required=\"true\" aria-invalid=\"false\" placeholder=\"Email*\" value=\"\" type=\"email\" name=\"your-email\" \/><\/span>\n\t\t<\/p>\n\t<\/div>\n\t<div class=\"col-sm-4\">\n\t\t<p><span class=\"wpcf7-form-control-wrap\" data-name=\"your-phone\"><input size=\"40\" maxlength=\"400\" class=\"wpcf7-form-control wpcf7-text wpcf7-validates-as-required comm-field\" aria-required=\"true\" aria-invalid=\"false\" placeholder=\"T\u00e9l\u00e9phone*\" value=\"\" type=\"text\" name=\"your-phone\" \/><\/span>\n\t\t<\/p>\n\t<\/div>\n\t<div class=\"col-sm-12\">\n\t\t<p><span class=\"wpcf7-form-control-wrap\" data-name=\"your-subject\"><input size=\"40\" maxlength=\"400\" class=\"wpcf7-form-control wpcf7-text wpcf7-validates-as-required comm-field\" aria-required=\"true\" aria-invalid=\"false\" placeholder=\"Sujet*\" value=\"\" type=\"text\" name=\"your-subject\" \/><\/span>\n\t\t<\/p>\n\t<\/div>\n<\/div>\n<p><span id=\"wpcf7-69fb4fc2ce2e1-wrapper\" class=\"wpcf7-form-control-wrap your-firstname2-wrap\" ><input type=\"hidden\" name=\"your-firstname2-time-start\" value=\"1778077634\"><input type=\"hidden\" name=\"your-firstname2-time-check\" value=\"10\"><input id=\"wpcf7-69fb4fc2ce2e1-field\"  class=\"wpcf7-form-control wpcf7-text\" type=\"text\" name=\"your-firstname2\" value=\"\" size=\"40\" tabindex=\"-1\" autocomplete=\"new-password\" \/><\/span>\n<\/p>\n<p><span class=\"wpcf7-form-control-wrap\" data-name=\"your-message\"><textarea cols=\"40\" rows=\"5\" maxlength=\"2000\" class=\"wpcf7-form-control wpcf7-textarea wpcf7-validates-as-required\" id=\"msg-contact\" aria-required=\"true\" aria-invalid=\"false\" placeholder=\"Message*\" name=\"your-message\"><\/textarea><\/span>\n<\/p>\n<p class=\"contact-btn\"><input class=\"wpcf7-form-control wpcf7-submit has-spinner white-btn\" id=\"submit-contact\" type=\"submit\" value=\"Envoyer\" \/>\n<\/p><div class=\"wpcf7-response-output\" aria-hidden=\"true\"><\/div>\n<\/form>\n<\/div>\n<\/div>\n\n\n<\/div>\n<\/div>\n<\/div>\n\n\n\n<p><\/p>\n","protected":false},"excerpt":{"rendered":"<p>En tant qu&rsquo;avocat sp\u00e9cialis\u00e9 en droit p\u00e9nal \u00e0 Aix-la-Chapelle, je vous assiste dans toutes les \u00e9tapes de la proc\u00e9dure p\u00e9nale. Une d\u00e9fense p\u00e9nale comp\u00e9tente d\u00e8s l&rsquo;ouverture d&rsquo;une enqu\u00eate p\u00e9nale, en passant par l&rsquo;audience principale, jusqu&rsquo;\u00e0 l&rsquo;ex\u00e9cution de la sentence. Plus t\u00f4t on fait appel \u00e0 un avocat sp\u00e9cialis\u00e9 en droit p\u00e9nal, meilleures sont les chances de la d\u00e9fense. En tant&#8230;<\/p>\n","protected":false},"author":1,"featured_media":0,"parent":0,"menu_order":0,"comment_status":"closed","ping_status":"closed","template":"my-templates\/template-fullwidth.php","meta":{"footnotes":""},"class_list":["post-918","page","type-page","status-publish","hentry"],"_links":{"self":[{"href":"https:\/\/www.recht-in-europa.com\/fr\/wp-json\/wp\/v2\/pages\/918","targetHints":{"allow":["GET"]}}],"collection":[{"href":"https:\/\/www.recht-in-europa.com\/fr\/wp-json\/wp\/v2\/pages"}],"about":[{"href":"https:\/\/www.recht-in-europa.com\/fr\/wp-json\/wp\/v2\/types\/page"}],"author":[{"embeddable":true,"href":"https:\/\/www.recht-in-europa.com\/fr\/wp-json\/wp\/v2\/users\/1"}],"replies":[{"embeddable":true,"href":"https:\/\/www.recht-in-europa.com\/fr\/wp-json\/wp\/v2\/comments?post=918"}],"version-history":[{"count":3,"href":"https:\/\/www.recht-in-europa.com\/fr\/wp-json\/wp\/v2\/pages\/918\/revisions"}],"predecessor-version":[{"id":943,"href":"https:\/\/www.recht-in-europa.com\/fr\/wp-json\/wp\/v2\/pages\/918\/revisions\/943"}],"wp:attachment":[{"href":"https:\/\/www.recht-in-europa.com\/fr\/wp-json\/wp\/v2\/media?parent=918"}],"curies":[{"name":"wp","href":"https:\/\/api.w.org\/{rel}","templated":true}]}}