{"id":921,"date":"2017-09-28T14:30:33","date_gmt":"2017-09-28T14:30:33","guid":{"rendered":"https:\/\/dev.recht-in-europa.com\/kontakt\/"},"modified":"2021-04-27T11:59:03","modified_gmt":"2021-04-27T11:59:03","slug":"contact","status":"publish","type":"page","link":"https:\/\/www.recht-in-europa.com\/fr\/contact\/","title":{"rendered":"Contact"},"content":{"rendered":"<div class=\"row\">\n<div class=\"col-md-4 alignc margin-b36\">\n<h5 class=\"widgettitle\" style=\"color: #8c0202;\">Adresse<\/h5>\n<p>Oligsbendengasse 22<br \/>\n52070 Aachen<\/p>\n<\/div>\n<div class=\"col-md-4 alignc margin-b36\">\n<h5 class=\"widgettitle\" style=\"color: #8c0202;\">Contact<\/h5>\n<p>T\u00e9l\u00e9phone: <a href=\"tel:+492415591559\">+49 (0)241 559 1 559<\/a><br \/>\nCourriel: <a href=\"mailto:info@recht-in-europa.com\">info@recht-in-europa.com<\/a><\/p>\n<\/div>\n<div class=\"col-md-4 alignc margin-b36\">\n<h5 class=\"widgettitle\" style=\"color: #8c0202;\">Heures d&rsquo;ouverture<\/h5>\n<p>Lundi &#8211; Vendredi: 9 \u2013 18 heures<br \/>\nSamedi &#8211; Dimanche: Ferm\u00e9<\/p>\n<\/div>\n<\/div>\n<div style=\"background: #8c0202; padding: 54px 20px 54px 20px; color: #ffffff; margin-top: 54px;\">\n<h4 class=\"alignc\" style=\"color: #fff;\"> Un conseil juridique comp\u00e9tent? N&rsquo;h\u00e9sitez pas \u00e0 nous contacter!<\/h4>\n\n<div class=\"wpcf7 no-js\" id=\"wpcf7-f931-o1\" lang=\"fr-FR\" dir=\"ltr\" data-wpcf7-id=\"931\">\n<div class=\"screen-reader-response\"><p role=\"status\" aria-live=\"polite\" aria-atomic=\"true\"><\/p> <ul><\/ul><\/div>\n<form action=\"\/fr\/wp-json\/wp\/v2\/pages\/921#wpcf7-f931-o1\" method=\"post\" class=\"wpcf7-form init\" aria-label=\"Formulaire de contact\" novalidate=\"novalidate\" data-status=\"init\">\n<fieldset class=\"hidden-fields-container\"><input type=\"hidden\" name=\"_wpcf7\" value=\"931\" \/><input type=\"hidden\" name=\"_wpcf7_version\" value=\"6.1.5\" \/><input type=\"hidden\" name=\"_wpcf7_locale\" value=\"fr_FR\" \/><input type=\"hidden\" name=\"_wpcf7_unit_tag\" value=\"wpcf7-f931-o1\" \/><input type=\"hidden\" name=\"_wpcf7_container_post\" value=\"0\" \/><input type=\"hidden\" name=\"_wpcf7_posted_data_hash\" value=\"\" \/>\n<\/fieldset>\n<div class=\"row\">\n\t<div class=\"col-sm-4\">\n\t\t<p><span class=\"wpcf7-form-control-wrap\" data-name=\"your-name\"><input size=\"40\" maxlength=\"400\" class=\"wpcf7-form-control wpcf7-text wpcf7-validates-as-required comm-field\" aria-required=\"true\" aria-invalid=\"false\" placeholder=\"Nom*\" value=\"\" type=\"text\" name=\"your-name\" \/><\/span>\n\t\t<\/p>\n\t<\/div>\n\t<div class=\"col-sm-4\">\n\t\t<p><span class=\"wpcf7-form-control-wrap\" data-name=\"your-email\"><input size=\"40\" maxlength=\"400\" class=\"wpcf7-form-control wpcf7-email wpcf7-validates-as-required wpcf7-text wpcf7-validates-as-email comm-field\" aria-required=\"true\" aria-invalid=\"false\" placeholder=\"Email*\" value=\"\" type=\"email\" name=\"your-email\" \/><\/span>\n\t\t<\/p>\n\t<\/div>\n\t<div class=\"col-sm-4\">\n\t\t<p><span class=\"wpcf7-form-control-wrap\" data-name=\"your-phone\"><input size=\"40\" maxlength=\"400\" class=\"wpcf7-form-control wpcf7-text wpcf7-validates-as-required comm-field\" aria-required=\"true\" aria-invalid=\"false\" placeholder=\"T\u00e9l\u00e9phone*\" value=\"\" type=\"text\" name=\"your-phone\" \/><\/span>\n\t\t<\/p>\n\t<\/div>\n\t<div class=\"col-sm-12\">\n\t\t<p><span class=\"wpcf7-form-control-wrap\" data-name=\"your-subject\"><input size=\"40\" maxlength=\"400\" class=\"wpcf7-form-control wpcf7-text wpcf7-validates-as-required comm-field\" aria-required=\"true\" aria-invalid=\"false\" placeholder=\"Sujet*\" value=\"\" type=\"text\" name=\"your-subject\" \/><\/span>\n\t\t<\/p>\n\t<\/div>\n<\/div>\n<p><span id=\"wpcf7-69fb4d3432bf8-wrapper\" class=\"wpcf7-form-control-wrap your-firstname2-wrap\" ><input type=\"hidden\" name=\"your-firstname2-time-start\" value=\"1778076980\"><input type=\"hidden\" name=\"your-firstname2-time-check\" value=\"10\"><input id=\"wpcf7-69fb4d3432bf8-field\"  class=\"wpcf7-form-control wpcf7-text\" type=\"text\" name=\"your-firstname2\" value=\"\" size=\"40\" tabindex=\"-1\" autocomplete=\"new-password\" \/><\/span>\n<\/p>\n<p><span class=\"wpcf7-form-control-wrap\" data-name=\"your-message\"><textarea cols=\"40\" rows=\"5\" maxlength=\"2000\" class=\"wpcf7-form-control wpcf7-textarea wpcf7-validates-as-required\" id=\"msg-contact\" aria-required=\"true\" aria-invalid=\"false\" placeholder=\"Message*\" name=\"your-message\"><\/textarea><\/span>\n<\/p>\n<p class=\"contact-btn\"><input class=\"wpcf7-form-control wpcf7-submit has-spinner white-btn\" id=\"submit-contact\" type=\"submit\" value=\"Envoyer\" \/>\n<\/p><div class=\"wpcf7-response-output\" aria-hidden=\"true\"><\/div>\n<\/form>\n<\/div>\n\n<\/div>\n<div class=\"gmaps margin-t54\"><iframe loading=\"lazy\" style=\"border: 0;\" tabindex=\"0\" src=\"https:\/\/www.google.com\/maps\/embed?pb=!1m18!1m12!1m3!1d6042.778137841196!2d6.095385855930258!3d50.77324366646177!2m3!1f0!2f0!3f0!3m2!1i1024!2i768!4f13.1!3m3!1m2!1s0x47c099601303922b%3A0xcae8bf423c1f03f7!2sRechtsanwalt%20Christoph%20Pawlowsk!5e0!3m2!1sde!2sde!4v1613129973857!5m2!1sde!2sde\" width=\"600\" height=\"450\" frameborder=\"0\" allowfullscreen=\"allowfullscreen\" aria-hidden=\"false\"><\/iframe><\/div>\n","protected":false},"excerpt":{"rendered":"<p>Adresse Oligsbendengasse 22 52070 Aachen Contact T\u00e9l\u00e9phone: +49 (0)241 559 1 559 Courriel: info@recht-in-europa.com Heures d&rsquo;ouverture Lundi &#8211; Vendredi: 9 \u2013 18 heures Samedi &#8211; Dimanche: Ferm\u00e9 Un conseil juridique comp\u00e9tent? N&rsquo;h\u00e9sitez pas \u00e0 nous contacter!<\/p>\n","protected":false},"author":1,"featured_media":0,"parent":0,"menu_order":0,"comment_status":"closed","ping_status":"closed","template":"my-templates\/template-fullwidth.php","meta":{"footnotes":""},"class_list":["post-921","page","type-page","status-publish","hentry"],"_links":{"self":[{"href":"https:\/\/www.recht-in-europa.com\/fr\/wp-json\/wp\/v2\/pages\/921","targetHints":{"allow":["GET"]}}],"collection":[{"href":"https:\/\/www.recht-in-europa.com\/fr\/wp-json\/wp\/v2\/pages"}],"about":[{"href":"https:\/\/www.recht-in-europa.com\/fr\/wp-json\/wp\/v2\/types\/page"}],"author":[{"embeddable":true,"href":"https:\/\/www.recht-in-europa.com\/fr\/wp-json\/wp\/v2\/users\/1"}],"replies":[{"embeddable":true,"href":"https:\/\/www.recht-in-europa.com\/fr\/wp-json\/wp\/v2\/comments?post=921"}],"version-history":[{"count":1,"href":"https:\/\/www.recht-in-europa.com\/fr\/wp-json\/wp\/v2\/pages\/921\/revisions"}],"predecessor-version":[{"id":922,"href":"https:\/\/www.recht-in-europa.com\/fr\/wp-json\/wp\/v2\/pages\/921\/revisions\/922"}],"wp:attachment":[{"href":"https:\/\/www.recht-in-europa.com\/fr\/wp-json\/wp\/v2\/media?parent=921"}],"curies":[{"name":"wp","href":"https:\/\/api.w.org\/{rel}","templated":true}]}}