{"id":841,"date":"2021-02-05T12:11:09","date_gmt":"2021-02-05T12:11:09","guid":{"rendered":"https:\/\/dev.recht-in-europa.com\/impressum\/"},"modified":"2021-04-27T12:01:39","modified_gmt":"2021-04-27T12:01:39","slug":"colofon","status":"publish","type":"page","link":"https:\/\/www.recht-in-europa.com\/nl\/colofon\/","title":{"rendered":"Colofon"},"content":{"rendered":"\n<p><strong>Verantwoordelijk voor deze website is:<\/strong><\/p>\n\n\n\n<p>Advocaat Christoph Pawlowski<\/p>\n\n\n\n<p>Oligsbendengasse 22<br>52070 Aachen<\/p>\n\n\n\n<p>Tel.: +49 (0) 241 559 1 559<br>Mail: <a href=\"mailto:info@recht-in-europa.com\">info@recht-in-europa.com<\/a><\/p>\n\n\n\n<p><br>Advocaat Christoph Pawlowski staat ingeschreven bij het Landgericht (arrondissementsrechtbank) Aken en is vertegenwoordigingsbevoegd bij alle Amts-, Land- en Oberlandesgerichten in het Bondsgebied.<\/p>\n\n\n\n<p>Advocaat Pawlowski is lid van de&nbsp;Orde van Advocaten&nbsp;<a target=\"_blank\" href=\"http:\/\/www.rak-koeln.de\/\" rel=\"noreferrer noopener\">Rechtsanwaltskammer K\u00f6ln<\/a>.<\/p>\n\n\n\n<p><strong><br>Professionele wetten\/voorschriften:<\/strong><\/p>\n\n\n\n<p><strong>RVG<\/strong>&nbsp;(Rechtsanwaltsverg\u00fctungsgesetz),<br><strong>BRAGO<\/strong>&nbsp;(Bundesgeb\u00fchrenordnung f\u00fcr Rechtsanw\u00e4lte),<br><strong>BRAO<\/strong>&nbsp;(Bundesrechtsanwaltsordnung),<br><strong>BORA<\/strong>&nbsp;(Berufsordnung f\u00fcr Rechtsanw\u00e4lte),<br><strong>FAO<\/strong>&nbsp;(Fachanwaltsordnung),<br><strong>CCBE<\/strong>&nbsp;(Berufsregeln der Rechtsanw\u00e4lte der Europ\u00e4ischen Gemeinschaft),<\/p>\n\n\n\n<p>Deze voorschriften kunnen worden ingezien onder&nbsp;<a href=\"http:\/\/www.anwaltverein.de\/praxis\/berufsrecht\" target=\"_blank\" rel=\"noreferrer noopener\">www.anwaltverein.de\/praxis\/berufsrecht<\/a>.<\/p>\n\n\n\n<h3 class=\"wp-block-heading\">Gegevensbescherming:<\/h3>\n\n\n\n<p>Uw persoonlijke gegevens worden bij uw uitsluitende bezoek op onze internetpagina niet opgeslagen of verwerkt. Een opslag en verwerking gebeurt alleen indien en voor zover u ons betreffende gegevens per e-mail stuurt. Deze gegevens worden uitsluitend in het kader van een concreet mandaat en in het kader van wettelijke voorschriften verwerkt en opgeslagen en alleen hierbinnen aan derden doorgegeven. Wanneer u uw inwilliging voor het opslaan herroept, worden de opgeslagen persoonlijke gegevens verwijderd. Dit gebeurt ook als de gegevens niet langer vereist zijn voor het doel waarvoor zij zijn opgeslagen of wanneer een opslag om andere juridische redenen niet is toegestaan. Ten slotte wijzen wij erop dat een volledige bescherming van de gegevens bij het overdragen per e-mail niet kan worden gegarandeerd. Voor vertrouwelijke informatie adviseren wij een versturen per post.<\/p>\n\n\n\n<h3 class=\"wp-block-heading\">Inlichtingen aansprakelijkheid:<\/h3>\n\n\n\n<p>Zijn er op deze homepage links naar andere internetsites, wijs ik er nadrukkelijk op dat ik geen invloed op de vormgeving en de inhoud van de extern gelinkte internetpagina\u2019s heb. Ik stel me niet aansprakelijk, noch ben ik verantwoordelijk voor de daar aangeboden informatie. Ik neem nadrukkelijk afstand van alle inhouden van hier gelinkte, evenwel externe sites.<\/p>\n\n\n\n<p>Als de inhoud van deze website in strijd is met toepasselijke wettelijke bepalingen, verzoek ik om onmiddellijke kennisgeving. Ik zal de pagina of de relevante inhoud dan zo snel mogelijk verwijderen of aanpassen. Dit reglement komt overeen met \u00a7 5 lid 1 en 2 van de TDG (Duitse Wet telediensten).<\/p>\n","protected":false},"excerpt":{"rendered":"<p>Verantwoordelijk voor deze website is: Advocaat Christoph Pawlowski Oligsbendengasse 2252070 Aachen Tel.: +49 (0) 241 559 1 559Mail: info@recht-in-europa.com Advocaat Christoph Pawlowski staat ingeschreven bij het Landgericht (arrondissementsrechtbank) Aken en is vertegenwoordigingsbevoegd bij alle Amts-, Land- en Oberlandesgerichten in het Bondsgebied. Advocaat Pawlowski is lid van de&nbsp;Orde van Advocaten&nbsp;Rechtsanwaltskammer K\u00f6ln. Professionele wetten\/voorschriften: RVG&nbsp;(Rechtsanwaltsverg\u00fctungsgesetz),BRAGO&nbsp;(Bundesgeb\u00fchrenordnung f\u00fcr Rechtsanw\u00e4lte),BRAO&nbsp;(Bundesrechtsanwaltsordnung),BORA&nbsp;(Berufsordnung f\u00fcr Rechtsanw\u00e4lte),FAO&nbsp;(Fachanwaltsordnung),CCBE&nbsp;(Berufsregeln der Rechtsanw\u00e4lte der&#8230;<\/p>\n","protected":false},"author":1,"featured_media":0,"parent":0,"menu_order":0,"comment_status":"closed","ping_status":"open","template":"my-templates\/template-fullwidth.php","meta":{"footnotes":""},"class_list":["post-841","page","type-page","status-publish","hentry"],"_links":{"self":[{"href":"https:\/\/www.recht-in-europa.com\/nl\/wp-json\/wp\/v2\/pages\/841","targetHints":{"allow":["GET"]}}],"collection":[{"href":"https:\/\/www.recht-in-europa.com\/nl\/wp-json\/wp\/v2\/pages"}],"about":[{"href":"https:\/\/www.recht-in-europa.com\/nl\/wp-json\/wp\/v2\/types\/page"}],"author":[{"embeddable":true,"href":"https:\/\/www.recht-in-europa.com\/nl\/wp-json\/wp\/v2\/users\/1"}],"replies":[{"embeddable":true,"href":"https:\/\/www.recht-in-europa.com\/nl\/wp-json\/wp\/v2\/comments?post=841"}],"version-history":[{"count":5,"href":"https:\/\/www.recht-in-europa.com\/nl\/wp-json\/wp\/v2\/pages\/841\/revisions"}],"predecessor-version":[{"id":945,"href":"https:\/\/www.recht-in-europa.com\/nl\/wp-json\/wp\/v2\/pages\/841\/revisions\/945"}],"wp:attachment":[{"href":"https:\/\/www.recht-in-europa.com\/nl\/wp-json\/wp\/v2\/media?parent=841"}],"curies":[{"name":"wp","href":"https:\/\/api.w.org\/{rel}","templated":true}]}}